{"id":1099,"date":"2026-03-28T08:02:44","date_gmt":"2026-03-28T07:02:44","guid":{"rendered":"https:\/\/sanctumspa.nl\/?page_id=1099"},"modified":"2026-03-28T11:39:59","modified_gmt":"2026-03-28T10:39:59","slug":"visage","status":"publish","type":"page","link":"https:\/\/sanctumspa.nl\/fr\/face\/","title":{"rendered":"Visage"},"content":{"rendered":"<div data-elementor-type=\"wp-page\" data-elementor-id=\"1099\" class=\"elementor elementor-1099\" data-elementor-post-type=\"page\">\n\t\t\t\t<div class=\"elementor-element elementor-element-3364780 e-grid e-con-boxed e-con e-parent\" data-id=\"3364780\" data-element_type=\"container\" data-e-type=\"container\" data-settings=\"{&quot;jet_parallax_layout_list&quot;:[]}\">\n\t\t\t\t\t<div class=\"e-con-inner\">\n\t\t\t\t<div class=\"elementor-element elementor-element-fea6e42 elementor-widget elementor-widget-image\" data-id=\"fea6e42\" data-element_type=\"widget\" data-e-type=\"widget\" data-widget_type=\"image.default\">\n\t\t\t\t<div class=\"elementor-widget-container\">\n\t\t\t\t\t\t\t\t\t\t\t\t\t\t\t<img fetchpriority=\"high\" decoding=\"async\" width=\"1001\" height=\"1094\" src=\"https:\/\/sanctumspa.nl\/wp-content\/uploads\/2026\/03\/face-zw.jpg\" class=\"attachment-full size-full wp-image-1117\" alt=\"SANCTUM SPA Maastricht\" srcset=\"https:\/\/sanctumspa.nl\/wp-content\/uploads\/2026\/03\/face-zw.jpg 1001w, https:\/\/sanctumspa.nl\/wp-content\/uploads\/2026\/03\/face-zw-274x300.jpg 274w, https:\/\/sanctumspa.nl\/wp-content\/uploads\/2026\/03\/face-zw-937x1024.jpg 937w, https:\/\/sanctumspa.nl\/wp-content\/uploads\/2026\/03\/face-zw-768x839.jpg 768w, https:\/\/sanctumspa.nl\/wp-content\/uploads\/2026\/03\/face-zw-11x12.jpg 11w\" sizes=\"(max-width: 1001px) 100vw, 1001px\" title=\"\">\t\t\t\t\t\t\t\t\t\t\t\t\t\t\t<\/div>\n\t\t\t\t<\/div>\n\t\t<div class=\"elementor-element elementor-element-bd8c9ed e-con-full e-flex e-con e-child\" data-id=\"bd8c9ed\" data-element_type=\"container\" data-e-type=\"container\" data-settings=\"{&quot;jet_parallax_layout_list&quot;:[]}\">\n\t\t\t\t<div class=\"elementor-element elementor-element-6f56654 elementor-widget elementor-widget-text-editor\" data-id=\"6f56654\" data-element_type=\"widget\" data-e-type=\"widget\" data-widget_type=\"text-editor.default\">\n\t\t\t\t<div class=\"elementor-widget-container\">\n\t\t\t\t\t\t\t\t\t<p><span data-olk-copy-source=\"MessageBody\">Visage<\/span><\/p>\t\t\t\t\t\t\t\t<\/div>\n\t\t\t\t<\/div>\n\t\t\t\t<div class=\"elementor-element elementor-element-73e4b15 elementor-widget elementor-widget-text-editor\" data-id=\"73e4b15\" data-element_type=\"widget\" data-e-type=\"widget\" data-widget_type=\"text-editor.default\">\n\t\t\t\t<div class=\"elementor-widget-container\">\n\t\t\t\t\t\t\t\t\t<p>Les soins du visage au SANCTUM SPA offrent une exp\u00e9rience apaisante et laissent votre peau nette, exfoli\u00e9e et parfaitement \u00e9quilibr\u00e9e. Nos sp\u00e9cialistes vous conseillent le soin id\u00e9al, adapt\u00e9 \u00e0 votre type de peau.<\/p>\t\t\t\t\t\t\t\t<\/div>\n\t\t\t\t<\/div>\n\t\t\t\t<div class=\"elementor-element elementor-element-15fb166 elementor-widget elementor-widget-jet-price-list\" data-id=\"15fb166\" data-element_type=\"widget\" data-e-type=\"widget\" data-widget_type=\"jet-price-list.default\">\n\t\t\t\t<div class=\"elementor-widget-container\">\n\t\t\t\t\t<div class=\"elementor-jet-price-list jet-elements\">\n<ul class=\"jet-price-list\"><li class=\"price-list__item\"><div class=\"price-list__item-inner\"><div class=\"price-list__item-content\"><div class=\"price-list__item-title__wrapper\"><h5 class=\"price-list__item-title\">Soin du visage sp\u00e9cifique \u00e0 la peau<\/h5><div class=\"price-list__item-separator\"><\/div><div class=\"price-list__item-price\">25 | 45 | 60 | 90 min<\/div><\/div><\/div><\/div><\/li><\/ul><\/div>\t\t\t\t<\/div>\n\t\t\t\t<\/div>\n\t\t\t\t<div class=\"elementor-element elementor-element-498543e elementor-widget elementor-widget-text-editor\" data-id=\"498543e\" data-element_type=\"widget\" data-e-type=\"widget\" data-widget_type=\"text-editor.default\">\n\t\t\t\t<div class=\"elementor-widget-container\">\n\t\t\t\t\t\t\t\t\t<p><span data-olk-copy-source=\"MessageBody\">En compl\u00e9ment d'un soin du visage<\/span><\/p>\t\t\t\t\t\t\t\t<\/div>\n\t\t\t\t<\/div>\n\t\t\t\t<div class=\"elementor-element elementor-element-1376e4c elementor-widget elementor-widget-jet-price-list\" data-id=\"1376e4c\" data-element_type=\"widget\" data-e-type=\"widget\" data-widget_type=\"jet-price-list.default\">\n\t\t\t\t<div class=\"elementor-widget-container\">\n\t\t\t\t\t<div class=\"elementor-jet-price-list jet-elements\">\n<ul class=\"jet-price-list\"><li class=\"price-list__item\"><div class=\"price-list__item-inner\"><div class=\"price-list__item-content\"><div class=\"price-list__item-title__wrapper\"><h5 class=\"price-list__item-title\">Gua Sha<\/h5><div class=\"price-list__item-separator\"><\/div><div class=\"price-list__item-price\">15 min<\/div><\/div><\/div><\/div><\/li><li class=\"price-list__item\"><div class=\"price-list__item-inner\"><div class=\"price-list__item-content\"><div class=\"price-list__item-title__wrapper\"><h5 class=\"price-list__item-title\">Aqua Ice Spoon Facial<\/h5><div class=\"price-list__item-separator\"><\/div><div class=\"price-list__item-price\">25 min<\/div><\/div><\/div><\/div><\/li><\/ul><\/div>\t\t\t\t<\/div>\n\t\t\t\t<\/div>\n\t\t\t\t<div class=\"elementor-element elementor-element-765cab3 elementor-align-left elementor-widget elementor-widget-button\" data-id=\"765cab3\" data-element_type=\"widget\" data-e-type=\"widget\" data-widget_type=\"button.default\">\n\t\t\t\t<div class=\"elementor-widget-container\">\n\t\t\t\t\t\t\t\t\t<div class=\"elementor-button-wrapper\">\n\t\t\t\t\t<a class=\"elementor-button elementor-button-link elementor-size-sm\" href=\"https:\/\/www.fresha.com\/a\/sanctum-spa-maastricht-vrijthof-20-om5ifhrh?pId=362417\" target=\"_blank\" rel=\"noopener\">\n\t\t\t\t\t\t<span class=\"elementor-button-content-wrapper\">\n\t\t\t\t\t\t\t\t\t<span class=\"elementor-button-text\">R\u00e9server<\/span>\n\t\t\t\t\t<\/span>\n\t\t\t\t\t<\/a>\n\t\t\t\t<\/div>\n\t\t\t\t\t\t\t\t<\/div>\n\t\t\t\t<\/div>\n\t\t\t\t<\/div>\n\t\t\t\t\t<\/div>\n\t\t\t\t<\/div>\n\t\t\t\t<\/div>","protected":false},"excerpt":{"rendered":"<p>Face Facials at SANCTUM SPA are a calming experience, that will leave your skin cleansed, exfoliated and toned. Our specialists recommend the ideal treatment for your specific skin type. Skin-Specific Facial 25 | 45 | 60 | 90 min Additional to a facial Gua Sha 15 min Aqua Ice Spoon Facial 25 min Book now<\/p>","protected":false},"author":1,"featured_media":0,"parent":0,"menu_order":0,"comment_status":"closed","ping_status":"closed","template":"","meta":{"footnotes":""},"class_list":["post-1099","page","type-page","status-publish","hentry"],"_links":{"self":[{"href":"https:\/\/sanctumspa.nl\/fr\/wp-json\/wp\/v2\/pages\/1099","targetHints":{"allow":["GET"]}}],"collection":[{"href":"https:\/\/sanctumspa.nl\/fr\/wp-json\/wp\/v2\/pages"}],"about":[{"href":"https:\/\/sanctumspa.nl\/fr\/wp-json\/wp\/v2\/types\/page"}],"author":[{"embeddable":true,"href":"https:\/\/sanctumspa.nl\/fr\/wp-json\/wp\/v2\/users\/1"}],"replies":[{"embeddable":true,"href":"https:\/\/sanctumspa.nl\/fr\/wp-json\/wp\/v2\/comments?post=1099"}],"version-history":[{"count":10,"href":"https:\/\/sanctumspa.nl\/fr\/wp-json\/wp\/v2\/pages\/1099\/revisions"}],"predecessor-version":[{"id":1213,"href":"https:\/\/sanctumspa.nl\/fr\/wp-json\/wp\/v2\/pages\/1099\/revisions\/1213"}],"wp:attachment":[{"href":"https:\/\/sanctumspa.nl\/fr\/wp-json\/wp\/v2\/media?parent=1099"}],"curies":[{"name":"wp","href":"https:\/\/api.w.org\/{rel}","templated":true}]}}