{"id":2,"date":"2022-02-16T12:34:04","date_gmt":"2022-02-16T11:34:04","guid":{"rendered":"https:\/\/elementor.043basis.nl\/?page_id=2"},"modified":"2026-04-14T19:17:39","modified_gmt":"2026-04-14T17:17:39","slug":"home","status":"publish","type":"page","link":"https:\/\/sanctumspa.nl\/de\/","title":{"rendered":"Home"},"content":{"rendered":"<div data-elementor-type=\"wp-page\" data-elementor-id=\"2\" class=\"elementor elementor-2\" data-elementor-post-type=\"page\">\n\t\t\t\t<div class=\"elementor-element elementor-element-ff9d4a5 e-con-full e-flex e-con e-parent\" data-id=\"ff9d4a5\" data-element_type=\"container\" data-e-type=\"container\" data-settings=\"{&quot;jet_parallax_layout_list&quot;:[],&quot;background_background&quot;:&quot;video&quot;,&quot;background_video_link&quot;:&quot;https:\\\/\\\/vimeo.com\\\/1183102955&quot;,&quot;background_play_on_mobile&quot;:&quot;yes&quot;}\">\n\t\t<div class=\"elementor-background-video-container\">\n\t\t\t\t\t\t\t<div class=\"elementor-background-video-embed\" role=\"presentation\"><\/div>\n\t\t\t\t\t\t<\/div>\t\t<div class=\"elementor-element elementor-element-47a29b3 animated-slow elementor-invisible elementor-widget elementor-widget-image\" data-id=\"47a29b3\" data-element_type=\"widget\" data-e-type=\"widget\" data-settings=\"{&quot;_animation&quot;:&quot;fadeIn&quot;}\" data-widget_type=\"image.default\">\n\t\t\t\t<div class=\"elementor-widget-container\">\n\t\t\t\t\t\t\t\t\t\t\t\t\t\t\t\t<a href=\"https:\/\/www.fresha.com\/a\/sanctum-spa-maastricht-vrijthof-20-om5ifhrh?pId=362417\" target=\"_blank\" rel=\"noopener\">\n\t\t\t\t\t\t\t<img fetchpriority=\"high\" decoding=\"async\" width=\"768\" height=\"823\" src=\"https:\/\/sanctumspa.nl\/wp-content\/uploads\/2026\/04\/fresha-highly-recommended-768x823.png\" class=\"attachment-medium_large size-medium_large wp-image-1246\" alt=\"\" srcset=\"https:\/\/sanctumspa.nl\/wp-content\/uploads\/2026\/04\/fresha-highly-recommended-768x823.png 768w, https:\/\/sanctumspa.nl\/wp-content\/uploads\/2026\/04\/fresha-highly-recommended-280x300.png 280w, https:\/\/sanctumspa.nl\/wp-content\/uploads\/2026\/04\/fresha-highly-recommended-956x1024.png 956w, https:\/\/sanctumspa.nl\/wp-content\/uploads\/2026\/04\/fresha-highly-recommended-11x12.png 11w, https:\/\/sanctumspa.nl\/wp-content\/uploads\/2026\/04\/fresha-highly-recommended.png 1195w\" sizes=\"(max-width: 768px) 100vw, 768px\" title=\"\">\t\t\t\t\t\t\t\t<\/a>\n\t\t\t\t\t\t\t\t\t\t\t\t\t\t\t<\/div>\n\t\t\t\t<\/div>\n\t\t\t\t<\/div>\n\t\t<div class=\"elementor-element elementor-element-3364780 e-grid e-con-boxed e-con e-parent\" data-id=\"3364780\" data-element_type=\"container\" data-e-type=\"container\" data-settings=\"{&quot;jet_parallax_layout_list&quot;:[],&quot;background_background&quot;:&quot;classic&quot;}\">\n\t\t\t\t\t<div class=\"e-con-inner\">\n\t\t\t\t<div class=\"elementor-element elementor-element-6f56654 elementor-widget elementor-widget-text-editor\" data-id=\"6f56654\" data-element_type=\"widget\" data-e-type=\"widget\" data-widget_type=\"text-editor.default\">\n\t\t\t\t<div class=\"elementor-widget-container\">\n\t\t\t\t\t\t\t\t\t<p>SANCTUM SPA kn\u00fcpft an die reiche Geschichte und die religi\u00f6se Vielfalt der Stadt an, verspricht jedoch eine Erfahrung, die frei von \u00e4u\u00dferen theologischen Einfl\u00fcssen ist.\u00a0<\/p>\t\t\t\t\t\t\t\t<\/div>\n\t\t\t\t<\/div>\n\t\t\t\t<div class=\"elementor-element elementor-element-311d44c elementor-widget elementor-widget-text-editor\" data-id=\"311d44c\" data-element_type=\"widget\" data-e-type=\"widget\" data-widget_type=\"text-editor.default\">\n\t\t\t\t<div class=\"elementor-widget-container\">\n\t\t\t\t\t\t\t\t\tWir ermutigen unsere G\u00e4ste, ihr Wohlbefinden auf die Art und Weise zu betreiben, die sie bevorzugen, und dabei Respekt vor anderen zu zeigen. SANCTUM SPA verf\u00fcgt \u00fcber ein Schwimmbad, eine Sauna, einen Hammam und eine Nische f\u00fcr Meditation, Beichte oder Gebet. Es ist ein Ort, an dem Sie Ihre eigene Reise zum spirituellen Wohlbefinden antreten k\u00f6nnen.\t\t\t\t\t\t\t\t<\/div>\n\t\t\t\t<\/div>\n\t\t\t\t\t<\/div>\n\t\t\t\t<\/div>\n\t\t<div class=\"elementor-element elementor-element-4f4cbb2 e-grid e-con-boxed e-con e-parent\" data-id=\"4f4cbb2\" data-element_type=\"container\" data-e-type=\"container\" data-settings=\"{&quot;jet_parallax_layout_list&quot;:[],&quot;background_background&quot;:&quot;classic&quot;}\">\n\t\t\t\t\t<div class=\"e-con-inner\">\n\t\t\t\t<div class=\"elementor-element elementor-element-336a58c elementor-widget elementor-widget-image\" data-id=\"336a58c\" data-element_type=\"widget\" data-e-type=\"widget\" data-widget_type=\"image.default\">\n\t\t\t\t<div class=\"elementor-widget-container\">\n\t\t\t\t\t\t\t\t\t\t\t\t\t\t\t<img decoding=\"async\" width=\"1533\" height=\"1022\" src=\"https:\/\/sanctumspa.nl\/wp-content\/uploads\/2026\/03\/Image-180.jpg\" class=\"attachment-full size-full wp-image-1007\" alt=\"SANCTUM SPA Maastricht\" srcset=\"https:\/\/sanctumspa.nl\/wp-content\/uploads\/2026\/03\/Image-180.jpg 1533w, https:\/\/sanctumspa.nl\/wp-content\/uploads\/2026\/03\/Image-180-300x200.jpg 300w, https:\/\/sanctumspa.nl\/wp-content\/uploads\/2026\/03\/Image-180-1024x683.jpg 1024w, https:\/\/sanctumspa.nl\/wp-content\/uploads\/2026\/03\/Image-180-768x512.jpg 768w, https:\/\/sanctumspa.nl\/wp-content\/uploads\/2026\/03\/Image-180-18x12.jpg 18w\" sizes=\"(max-width: 1533px) 100vw, 1533px\" title=\"\">\t\t\t\t\t\t\t\t\t\t\t\t\t\t\t<\/div>\n\t\t\t\t<\/div>\n\t\t<div class=\"elementor-element elementor-element-edb1dcb e-con-full e-flex e-con e-child\" data-id=\"edb1dcb\" data-element_type=\"container\" data-e-type=\"container\" data-settings=\"{&quot;jet_parallax_layout_list&quot;:[]}\">\n\t\t\t\t<div class=\"elementor-element elementor-element-285316b elementor-widget elementor-widget-text-editor\" data-id=\"285316b\" data-element_type=\"widget\" data-e-type=\"widget\" data-widget_type=\"text-editor.default\">\n\t\t\t\t<div class=\"elementor-widget-container\">\n\t\t\t\t\t\t\t\t\t<p>Genie\u00dfen Sie ein wohltuendes Erlebnis im Behandlungsraum mit Aromatherapie-Massagen und hautverj\u00fcngenden Gesichtsbehandlungen. Um eine ruhige und exklusive Atmosph\u00e4re zu gew\u00e4hrleisten, ist der Zugang zum Spa auf maximal sechs G\u00e4ste gleichzeitig begrenzt.<\/p>\t\t\t\t\t\t\t\t<\/div>\n\t\t\t\t<\/div>\n\t\t\t\t<div class=\"elementor-element elementor-element-16fcd0c elementor-align-left elementor-widget elementor-widget-button\" data-id=\"16fcd0c\" data-element_type=\"widget\" data-e-type=\"widget\" data-widget_type=\"button.default\">\n\t\t\t\t<div class=\"elementor-widget-container\">\n\t\t\t\t\t\t\t\t\t<div class=\"elementor-button-wrapper\">\n\t\t\t\t\t<a class=\"elementor-button elementor-button-link elementor-size-sm\" href=\"https:\/\/sanctumspa.nl\/de\/uber\/\">\n\t\t\t\t\t\t<span class=\"elementor-button-content-wrapper\">\n\t\t\t\t\t\t<span class=\"elementor-button-icon\">\n\t\t\t\t<i aria-hidden=\"true\" class=\"fa-thin fa-arrow-right-from-line\"><\/i>\t\t\t<\/span>\n\t\t\t\t\t\t\t\t\t<span class=\"elementor-button-text\">Entdecken Sie<\/span>\n\t\t\t\t\t<\/span>\n\t\t\t\t\t<\/a>\n\t\t\t\t<\/div>\n\t\t\t\t\t\t\t\t<\/div>\n\t\t\t\t<\/div>\n\t\t\t\t<\/div>\n\t\t\t\t\t<\/div>\n\t\t\t\t<\/div>\n\t\t<div class=\"elementor-element elementor-element-5aa3c31 e-grid e-con-boxed e-con e-parent\" data-id=\"5aa3c31\" data-element_type=\"container\" data-e-type=\"container\" data-settings=\"{&quot;jet_parallax_layout_list&quot;:[]}\">\n\t\t\t\t\t<div class=\"e-con-inner\">\n\t\t<div class=\"elementor-element elementor-element-1688774 e-con-full e-flex e-con e-child\" data-id=\"1688774\" data-element_type=\"container\" data-e-type=\"container\" data-settings=\"{&quot;jet_parallax_layout_list&quot;:[]}\">\n\t\t\t\t<div class=\"elementor-element elementor-element-4f3413e elementor-widget elementor-widget-text-editor\" data-id=\"4f3413e\" data-element_type=\"widget\" data-e-type=\"widget\" data-widget_type=\"text-editor.default\">\n\t\t\t\t<div class=\"elementor-widget-container\">\n\t\t\t\t\t\t\t\t\t<p>SANCTUM SPA beschikt over een zwembad, hammam en sauna, met behandelingen verzorgd door ons toegewijde team van therapeuten.<\/p>\t\t\t\t\t\t\t\t<\/div>\n\t\t\t\t<\/div>\n\t\t\t\t<div class=\"elementor-element elementor-element-4a9f4b8 elementor-icon-list--layout-traditional elementor-list-item-link-full_width elementor-widget elementor-widget-icon-list\" data-id=\"4a9f4b8\" data-element_type=\"widget\" data-e-type=\"widget\" data-widget_type=\"icon-list.default\">\n\t\t\t\t<div class=\"elementor-widget-container\">\n\t\t\t\t\t\t\t<ul class=\"elementor-icon-list-items\">\n\t\t\t\t\t\t\t<li class=\"elementor-icon-list-item\">\n\t\t\t\t\t\t\t\t\t\t\t<a href=\"https:\/\/sanctumspa.nl\/de\/\" target=\"_blank\">\n\n\t\t\t\t\t\t\t\t\t\t\t\t<span class=\"elementor-icon-list-icon\">\n\t\t\t\t\t\t\t<i aria-hidden=\"true\" class=\"fa-thin fa-person-swimming\"><\/i>\t\t\t\t\t\t<\/span>\n\t\t\t\t\t\t\t\t\t\t<span class=\"elementor-icon-list-text\">Innenpool<\/span>\n\t\t\t\t\t\t\t\t\t\t\t<\/a>\n\t\t\t\t\t\t\t\t\t<\/li>\n\t\t\t\t\t\t\t\t<li class=\"elementor-icon-list-item\">\n\t\t\t\t\t\t\t\t\t\t\t<a href=\"https:\/\/sanctumspa.nl\/de\/\" target=\"_blank\">\n\n\t\t\t\t\t\t\t\t\t\t\t\t<span class=\"elementor-icon-list-icon\">\n\t\t\t\t\t\t\t<i aria-hidden=\"true\" class=\"fa-thin fa-spa\"><\/i>\t\t\t\t\t\t<\/span>\n\t\t\t\t\t\t\t\t\t\t<span class=\"elementor-icon-list-text\">Kur- und Wellnesszentrum<\/span>\n\t\t\t\t\t\t\t\t\t\t\t<\/a>\n\t\t\t\t\t\t\t\t\t<\/li>\n\t\t\t\t\t\t\t\t<li class=\"elementor-icon-list-item\">\n\t\t\t\t\t\t\t\t\t\t\t<span class=\"elementor-icon-list-icon\">\n\t\t\t\t\t\t\t<i aria-hidden=\"true\" class=\"fa-thin fa-wheat-awn\"><\/i>\t\t\t\t\t\t<\/span>\n\t\t\t\t\t\t\t\t\t\t<span class=\"elementor-icon-list-text\">Sauna<\/span>\n\t\t\t\t\t\t\t\t\t<\/li>\n\t\t\t\t\t\t\t\t<li class=\"elementor-icon-list-item\">\n\t\t\t\t\t\t\t\t\t\t\t<span class=\"elementor-icon-list-icon\">\n\t\t\t\t\t\t\t<i aria-hidden=\"true\" class=\"fa-thin fa-hand-holding-droplet\"><\/i>\t\t\t\t\t\t<\/span>\n\t\t\t\t\t\t\t\t\t\t<span class=\"elementor-icon-list-text\">Dampfbad<\/span>\n\t\t\t\t\t\t\t\t\t<\/li>\n\t\t\t\t\t\t\t\t<li class=\"elementor-icon-list-item\">\n\t\t\t\t\t\t\t\t\t\t\t<span class=\"elementor-icon-list-icon\">\n\t\t\t\t\t\t\t<i aria-hidden=\"true\" class=\"fa-thin fa-shower-down\"><\/i>\t\t\t\t\t\t<\/span>\n\t\t\t\t\t\t\t\t\t\t<span class=\"elementor-icon-list-text\">Regenduschen<\/span>\n\t\t\t\t\t\t\t\t\t<\/li>\n\t\t\t\t\t\t\t\t<li class=\"elementor-icon-list-item\">\n\t\t\t\t\t\t\t\t\t\t\t<span class=\"elementor-icon-list-icon\">\n\t\t\t\t\t\t\t<i aria-hidden=\"true\" class=\"fa-thin fa-hands-praying\"><\/i>\t\t\t\t\t\t<\/span>\n\t\t\t\t\t\t\t\t\t\t<span class=\"elementor-icon-list-text\">Massagen<\/span>\n\t\t\t\t\t\t\t\t\t<\/li>\n\t\t\t\t\t\t\t\t<li class=\"elementor-icon-list-item\">\n\t\t\t\t\t\t\t\t\t\t\t<span class=\"elementor-icon-list-icon\">\n\t\t\t\t\t\t\t<i aria-hidden=\"true\" class=\"fa-thin fa-sparkles\"><\/i>\t\t\t\t\t\t<\/span>\n\t\t\t\t\t\t\t\t\t\t<span class=\"elementor-icon-list-text\">Luxusbehandlungen<\/span>\n\t\t\t\t\t\t\t\t\t<\/li>\n\t\t\t\t\t\t\t\t<li class=\"elementor-icon-list-item\">\n\t\t\t\t\t\t\t\t\t\t\t<span class=\"elementor-icon-list-icon\">\n\t\t\t\t\t\t\t<i aria-hidden=\"true\" class=\"fa-thin fa-people-roof\"><\/i>\t\t\t\t\t\t<\/span>\n\t\t\t\t\t\t\t\t\t\t<span class=\"elementor-icon-list-text\">maximal sechs G\u00e4ste<\/span>\n\t\t\t\t\t\t\t\t\t<\/li>\n\t\t\t\t\t\t<\/ul>\n\t\t\t\t\t\t<\/div>\n\t\t\t\t<\/div>\n\t\t\t\t<div class=\"elementor-element elementor-element-a3283cf elementor-align-left elementor-widget elementor-widget-button\" data-id=\"a3283cf\" data-element_type=\"widget\" data-e-type=\"widget\" data-widget_type=\"button.default\">\n\t\t\t\t<div class=\"elementor-widget-container\">\n\t\t\t\t\t\t\t\t\t<div class=\"elementor-button-wrapper\">\n\t\t\t\t\t<a class=\"elementor-button elementor-button-link elementor-size-sm\" href=\"https:\/\/sanctumspa.nl\/de\/heilbad\/\">\n\t\t\t\t\t\t<span class=\"elementor-button-content-wrapper\">\n\t\t\t\t\t\t<span class=\"elementor-button-icon\">\n\t\t\t\t<i aria-hidden=\"true\" class=\"fa-thin fa-arrow-right-from-line\"><\/i>\t\t\t<\/span>\n\t\t\t\t\t\t\t\t\t<span class=\"elementor-button-text\">Entspannen Sie sich<\/span>\n\t\t\t\t\t<\/span>\n\t\t\t\t\t<\/a>\n\t\t\t\t<\/div>\n\t\t\t\t\t\t\t\t<\/div>\n\t\t\t\t<\/div>\n\t\t\t\t<\/div>\n\t\t\t\t<div class=\"elementor-element elementor-element-dc8a527 elementor-widget elementor-widget-image\" data-id=\"dc8a527\" data-element_type=\"widget\" data-e-type=\"widget\" data-widget_type=\"image.default\">\n\t\t\t\t<div class=\"elementor-widget-container\">\n\t\t\t\t\t\t\t\t\t\t\t\t\t\t\t<img decoding=\"async\" width=\"1500\" height=\"1125\" src=\"https:\/\/sanctumspa.nl\/wp-content\/uploads\/2026\/03\/LarsDuchateau-4.jpg\" class=\"attachment-full size-full wp-image-646\" alt=\"SANCTUM SPA Maastricht\" srcset=\"https:\/\/sanctumspa.nl\/wp-content\/uploads\/2026\/03\/LarsDuchateau-4.jpg 1500w, https:\/\/sanctumspa.nl\/wp-content\/uploads\/2026\/03\/LarsDuchateau-4-300x225.jpg 300w, https:\/\/sanctumspa.nl\/wp-content\/uploads\/2026\/03\/LarsDuchateau-4-1024x768.jpg 1024w, https:\/\/sanctumspa.nl\/wp-content\/uploads\/2026\/03\/LarsDuchateau-4-768x576.jpg 768w\" sizes=\"(max-width: 1500px) 100vw, 1500px\" title=\"\">\t\t\t\t\t\t\t\t\t\t\t\t\t\t\t<\/div>\n\t\t\t\t<\/div>\n\t\t\t\t\t<\/div>\n\t\t\t\t<\/div>\n\t\t<div class=\"elementor-element elementor-element-57b5240 e-grid e-con-boxed e-con e-parent\" data-id=\"57b5240\" data-element_type=\"container\" data-e-type=\"container\" data-settings=\"{&quot;jet_parallax_layout_list&quot;:[]}\">\n\t\t\t\t\t<div class=\"e-con-inner\">\n\t\t<div class=\"elementor-element elementor-element-b417375 e-con-full e-flex e-con e-child\" data-id=\"b417375\" data-element_type=\"container\" data-e-type=\"container\" data-settings=\"{&quot;jet_parallax_layout_list&quot;:[]}\">\n\t\t\t\t<div class=\"elementor-element elementor-element-3aa254c elementor-widget elementor-widget-text-editor\" data-id=\"3aa254c\" data-element_type=\"widget\" data-e-type=\"widget\" data-widget_type=\"text-editor.default\">\n\t\t\t\t<div class=\"elementor-widget-container\">\n\t\t\t\t\t\t\t\t\t<p>Folgen Sie uns<\/p>\t\t\t\t\t\t\t\t<\/div>\n\t\t\t\t<\/div>\n\t\t\t\t<\/div>\n\t\t\t\t<div class=\"elementor-element elementor-element-03a5d97 elementor-widget elementor-widget-image\" data-id=\"03a5d97\" data-element_type=\"widget\" data-e-type=\"widget\" data-widget_type=\"image.default\">\n\t\t\t\t<div class=\"elementor-widget-container\">\n\t\t\t\t\t\t\t\t\t\t\t\t\t\t\t\t<a href=\"https:\/\/www.instagram.com\/sanctum.spa\/\" target=\"_blank\" rel=\"noopener\">\n\t\t\t\t\t\t\t<img loading=\"lazy\" decoding=\"async\" width=\"1440\" height=\"1800\" src=\"https:\/\/sanctumspa.nl\/wp-content\/uploads\/2026\/04\/658326571_18031092212794898_7500413647518090847_n.webp\" class=\"attachment-full size-full wp-image-1239\" alt=\"\" srcset=\"https:\/\/sanctumspa.nl\/wp-content\/uploads\/2026\/04\/658326571_18031092212794898_7500413647518090847_n.webp 1440w, https:\/\/sanctumspa.nl\/wp-content\/uploads\/2026\/04\/658326571_18031092212794898_7500413647518090847_n-240x300.webp 240w, https:\/\/sanctumspa.nl\/wp-content\/uploads\/2026\/04\/658326571_18031092212794898_7500413647518090847_n-819x1024.webp 819w, https:\/\/sanctumspa.nl\/wp-content\/uploads\/2026\/04\/658326571_18031092212794898_7500413647518090847_n-768x960.webp 768w, https:\/\/sanctumspa.nl\/wp-content\/uploads\/2026\/04\/658326571_18031092212794898_7500413647518090847_n-1229x1536.webp 1229w, https:\/\/sanctumspa.nl\/wp-content\/uploads\/2026\/04\/658326571_18031092212794898_7500413647518090847_n-10x12.webp 10w\" sizes=\"(max-width: 1440px) 100vw, 1440px\" title=\"\">\t\t\t\t\t\t\t\t<\/a>\n\t\t\t\t\t\t\t\t\t\t\t\t\t\t\t<\/div>\n\t\t\t\t<\/div>\n\t\t\t\t<div class=\"elementor-element elementor-element-3679f97 elementor-widget elementor-widget-image\" data-id=\"3679f97\" data-element_type=\"widget\" data-e-type=\"widget\" data-widget_type=\"image.default\">\n\t\t\t\t<div class=\"elementor-widget-container\">\n\t\t\t\t\t\t\t\t\t\t\t\t\t\t\t\t<a href=\"https:\/\/www.instagram.com\/sanctum.spa\/\" target=\"_blank\" rel=\"noopener\">\n\t\t\t\t\t\t\t<img loading=\"lazy\" decoding=\"async\" width=\"1440\" height=\"1800\" src=\"https:\/\/sanctumspa.nl\/wp-content\/uploads\/2026\/04\/657661517_18030788717794898_3101293819634221233_n.webp\" class=\"attachment-full size-full wp-image-1240\" alt=\"\" srcset=\"https:\/\/sanctumspa.nl\/wp-content\/uploads\/2026\/04\/657661517_18030788717794898_3101293819634221233_n.webp 1440w, https:\/\/sanctumspa.nl\/wp-content\/uploads\/2026\/04\/657661517_18030788717794898_3101293819634221233_n-240x300.webp 240w, https:\/\/sanctumspa.nl\/wp-content\/uploads\/2026\/04\/657661517_18030788717794898_3101293819634221233_n-819x1024.webp 819w, https:\/\/sanctumspa.nl\/wp-content\/uploads\/2026\/04\/657661517_18030788717794898_3101293819634221233_n-768x960.webp 768w, https:\/\/sanctumspa.nl\/wp-content\/uploads\/2026\/04\/657661517_18030788717794898_3101293819634221233_n-1229x1536.webp 1229w, https:\/\/sanctumspa.nl\/wp-content\/uploads\/2026\/04\/657661517_18030788717794898_3101293819634221233_n-10x12.webp 10w\" sizes=\"(max-width: 1440px) 100vw, 1440px\" title=\"\">\t\t\t\t\t\t\t\t<\/a>\n\t\t\t\t\t\t\t\t\t\t\t\t\t\t\t<\/div>\n\t\t\t\t<\/div>\n\t\t\t\t<div class=\"elementor-element elementor-element-7dd00d0 elementor-widget elementor-widget-image\" data-id=\"7dd00d0\" data-element_type=\"widget\" data-e-type=\"widget\" data-widget_type=\"image.default\">\n\t\t\t\t<div class=\"elementor-widget-container\">\n\t\t\t\t\t\t\t\t\t\t\t\t\t\t\t\t<a href=\"https:\/\/www.instagram.com\/sanctum.spa\/\" target=\"_blank\" rel=\"noopener\">\n\t\t\t\t\t\t\t<img loading=\"lazy\" decoding=\"async\" width=\"1440\" height=\"1800\" src=\"https:\/\/sanctumspa.nl\/wp-content\/uploads\/2026\/04\/657222299_18030207890794898_1793811985242763628_n.webp\" class=\"attachment-full size-full wp-image-1241\" alt=\"\" srcset=\"https:\/\/sanctumspa.nl\/wp-content\/uploads\/2026\/04\/657222299_18030207890794898_1793811985242763628_n.webp 1440w, https:\/\/sanctumspa.nl\/wp-content\/uploads\/2026\/04\/657222299_18030207890794898_1793811985242763628_n-240x300.webp 240w, https:\/\/sanctumspa.nl\/wp-content\/uploads\/2026\/04\/657222299_18030207890794898_1793811985242763628_n-819x1024.webp 819w, https:\/\/sanctumspa.nl\/wp-content\/uploads\/2026\/04\/657222299_18030207890794898_1793811985242763628_n-768x960.webp 768w, https:\/\/sanctumspa.nl\/wp-content\/uploads\/2026\/04\/657222299_18030207890794898_1793811985242763628_n-1229x1536.webp 1229w, https:\/\/sanctumspa.nl\/wp-content\/uploads\/2026\/04\/657222299_18030207890794898_1793811985242763628_n-10x12.webp 10w\" sizes=\"(max-width: 1440px) 100vw, 1440px\" title=\"\">\t\t\t\t\t\t\t\t<\/a>\n\t\t\t\t\t\t\t\t\t\t\t\t\t\t\t<\/div>\n\t\t\t\t<\/div>\n\t\t\t\t<div class=\"elementor-element elementor-element-4e7f9a4 elementor-widget elementor-widget-image\" data-id=\"4e7f9a4\" data-element_type=\"widget\" data-e-type=\"widget\" data-widget_type=\"image.default\">\n\t\t\t\t<div class=\"elementor-widget-container\">\n\t\t\t\t\t\t\t\t\t\t\t\t\t\t\t\t<a href=\"https:\/\/www.instagram.com\/sanctum.spa\/\" target=\"_blank\" rel=\"noopener\">\n\t\t\t\t\t\t\t<img loading=\"lazy\" decoding=\"async\" width=\"1440\" height=\"1800\" src=\"https:\/\/sanctumspa.nl\/wp-content\/uploads\/2026\/04\/656865826_18029805398794898_328968277982925032_n__1_.webp\" class=\"attachment-full size-full wp-image-1242\" alt=\"\" srcset=\"https:\/\/sanctumspa.nl\/wp-content\/uploads\/2026\/04\/656865826_18029805398794898_328968277982925032_n__1_.webp 1440w, https:\/\/sanctumspa.nl\/wp-content\/uploads\/2026\/04\/656865826_18029805398794898_328968277982925032_n__1_-240x300.webp 240w, https:\/\/sanctumspa.nl\/wp-content\/uploads\/2026\/04\/656865826_18029805398794898_328968277982925032_n__1_-819x1024.webp 819w, https:\/\/sanctumspa.nl\/wp-content\/uploads\/2026\/04\/656865826_18029805398794898_328968277982925032_n__1_-768x960.webp 768w, https:\/\/sanctumspa.nl\/wp-content\/uploads\/2026\/04\/656865826_18029805398794898_328968277982925032_n__1_-1229x1536.webp 1229w, https:\/\/sanctumspa.nl\/wp-content\/uploads\/2026\/04\/656865826_18029805398794898_328968277982925032_n__1_-10x12.webp 10w\" sizes=\"(max-width: 1440px) 100vw, 1440px\" title=\"\">\t\t\t\t\t\t\t\t<\/a>\n\t\t\t\t\t\t\t\t\t\t\t\t\t\t\t<\/div>\n\t\t\t\t<\/div>\n\t\t\t\t<div class=\"elementor-element elementor-element-eabfe7d elementor-widget elementor-widget-image\" data-id=\"eabfe7d\" data-element_type=\"widget\" data-e-type=\"widget\" data-widget_type=\"image.default\">\n\t\t\t\t<div class=\"elementor-widget-container\">\n\t\t\t\t\t\t\t\t\t\t\t\t\t\t\t\t<a href=\"https:\/\/www.instagram.com\/sanctum.spa\/\" target=\"_blank\" rel=\"noopener\">\n\t\t\t\t\t\t\t<img loading=\"lazy\" decoding=\"async\" width=\"1440\" height=\"1800\" src=\"https:\/\/sanctumspa.nl\/wp-content\/uploads\/2026\/03\/655153336_18029077277794898_4873101453366618966_n-e1774630688804.jpg\" class=\"attachment-full size-full wp-image-1027\" alt=\"SANCTUM SPA Maastricht\" srcset=\"https:\/\/sanctumspa.nl\/wp-content\/uploads\/2026\/03\/655153336_18029077277794898_4873101453366618966_n-e1774630688804.jpg 1440w, https:\/\/sanctumspa.nl\/wp-content\/uploads\/2026\/03\/655153336_18029077277794898_4873101453366618966_n-e1774630688804-240x300.jpg 240w, https:\/\/sanctumspa.nl\/wp-content\/uploads\/2026\/03\/655153336_18029077277794898_4873101453366618966_n-e1774630688804-819x1024.jpg 819w, https:\/\/sanctumspa.nl\/wp-content\/uploads\/2026\/03\/655153336_18029077277794898_4873101453366618966_n-e1774630688804-768x960.jpg 768w, https:\/\/sanctumspa.nl\/wp-content\/uploads\/2026\/03\/655153336_18029077277794898_4873101453366618966_n-e1774630688804-1229x1536.jpg 1229w, https:\/\/sanctumspa.nl\/wp-content\/uploads\/2026\/03\/655153336_18029077277794898_4873101453366618966_n-e1774630688804-10x12.jpg 10w\" sizes=\"(max-width: 1440px) 100vw, 1440px\" title=\"\">\t\t\t\t\t\t\t\t<\/a>\n\t\t\t\t\t\t\t\t\t\t\t\t\t\t\t<\/div>\n\t\t\t\t<\/div>\n\t\t\t\t\t<\/div>\n\t\t\t\t<\/div>\n\t\t\t\t<\/div>","protected":false},"excerpt":{"rendered":"<p>SANCTUM SPA draws on the city\u2019s rich history and religious diversity, yet promises an experience free from external theological influences.\u00a0 We encourage our guests to pursue wellness in whatever way they prefer, whilst showing respect for others. SANCTUM SPA features a swimming pool, sauna, hammam and a niche for meditation, confession or prayer. It is [&hellip;]<\/p>\n","protected":false},"author":1,"featured_media":0,"parent":0,"menu_order":0,"comment_status":"closed","ping_status":"closed","template":"","meta":{"footnotes":""},"class_list":["post-2","page","type-page","status-publish","hentry"],"_links":{"self":[{"href":"https:\/\/sanctumspa.nl\/de\/wp-json\/wp\/v2\/pages\/2","targetHints":{"allow":["GET"]}}],"collection":[{"href":"https:\/\/sanctumspa.nl\/de\/wp-json\/wp\/v2\/pages"}],"about":[{"href":"https:\/\/sanctumspa.nl\/de\/wp-json\/wp\/v2\/types\/page"}],"author":[{"embeddable":true,"href":"https:\/\/sanctumspa.nl\/de\/wp-json\/wp\/v2\/users\/1"}],"replies":[{"embeddable":true,"href":"https:\/\/sanctumspa.nl\/de\/wp-json\/wp\/v2\/comments?post=2"}],"version-history":[{"count":227,"href":"https:\/\/sanctumspa.nl\/de\/wp-json\/wp\/v2\/pages\/2\/revisions"}],"predecessor-version":[{"id":1287,"href":"https:\/\/sanctumspa.nl\/de\/wp-json\/wp\/v2\/pages\/2\/revisions\/1287"}],"wp:attachment":[{"href":"https:\/\/sanctumspa.nl\/de\/wp-json\/wp\/v2\/media?parent=2"}],"curies":[{"name":"wp","href":"https:\/\/api.w.org\/{rel}","templated":true}]}}